{"id":9,"date":"2025-01-21T12:14:04","date_gmt":"2025-01-21T12:14:04","guid":{"rendered":"https:\/\/playground.sedenius.com\/?page_id=9"},"modified":"2026-01-20T14:22:15","modified_gmt":"2026-01-20T14:22:15","slug":"imprint","status":"publish","type":"page","link":"https:\/\/sedenius.com\/index.php\/imprint\/","title":{"rendered":"Imprint"},"content":{"rendered":"\n<h2 class=\"wp-block-heading\" id=\"h-responsible-for-the-content-of-these-pages\">Verantwortlich f\u00fcr den Inhalt dieser Seiten:<\/h2>\n\n\n\n<p>Sedenius Engineering GmbH i.L.<br>B\u00fcroadresse: <br>Bitterfelderstra\u00dfe 7-9<br>D &#8211; 04129 Leipzig<br><br>Firmensitz:<br>Goldammerweg 1<br>04159 Leipzig<br><br><\/p>\n\n\n\n<p>Liquidator: Andreas Amann Dipl.-Inf.(FH)<\/p>\n\n\n\n<p>Tel.: +49(0) 341 602478 &#8211; 90<br>E-Mail: info [@] sedenius.com<\/p>\n\n\n\n<p>Registergericht: Amtsgericht Leipzig<br>Registernumber: HRB 29953<\/p>\n\n\n\n<p>Ust-IdNr.: DE284267948<br>D-U-N-S: 342650854<\/p>\n\n\n\n<h2 class=\"wp-block-heading\" id=\"h-responsible-for-design-and-programming\">Verantwortlich f\u00fcr Design und Programmierung:<\/h2>\n\n\n\n<p>Sedenius Engineering GmbH i.L.<br>Goldammerweg 1<br>04159 Leipzig<\/p>\n\n\n\n<h2 class=\"wp-block-heading\" id=\"h-copyright\">Copyright:<\/h2>\n\n\n\n<p>Das Layout der Homepage, die verwendeten Grafiken und Bilder sowie alle Inhalte sind urheberrechtlich gesch\u00fctzt. Alle Rechte der Vervielf\u00e4ltigung und Verbreitung mittels besonderer Verfahren (z. B. Datenverarbeitung, Datentr\u00e4ger und Datennetze), auch auszugsweise, bleiben dem Betreiber oder dem jeweiligen Urheber vorbehalten.<\/p>\n\n\n\n<p>Rechtlicher Hinweis und Haftungsausschluss: Alle Informationen dienen der pers\u00f6nlichen Information \u2013 eine kommerzielle Nutzung der redaktionellen Beschreibungen\/Strukturierungen sowie die Verwendung von Anwendungen auf anderen Servern als dem des Betreibers ist nur mit ausdr\u00fccklicher Genehmigung der Autoren gestattet. F\u00fcr Fehler im Text oder fehlerhafte Links wird keine Haftung \u00fcbernommen. F\u00fcr den Inhalt der gefundenen Angebote sind die jeweiligen Betreiber verantwortlich. Eine kommerzielle Nutzung der Daten ist nicht gestattet, wie beispielsweise f\u00fcr die Strukturierung eigener Suchsysteme und Dienste und\/oder Verzeichnisse jeglicher Art. Dar\u00fcber hinaus ist das automatische Auslesen von Daten durch Software untersagt.<\/p>\n\n\n\n<h2 class=\"wp-block-heading\" id=\"h-disclaimer-of-liability\">Haftungsausschluss:<\/h2>\n\n\n\n<p>Der Autor \u00fcbernimmt keinerlei Gew\u00e4hr f\u00fcr die Aktualit\u00e4t, Korrektheit, Vollst\u00e4ndigkeit oder Qualit\u00e4t der bereitgestellten Informationen. Haftungsanspr\u00fcche gegen den Autor, welche sich auf Sch\u00e4den materieller oder ideeller Art beziehen, die durch die Nutzung oder Nichtnutzung der dargebotenen Informationen bzw. durch die Nutzung fehlerhafter und unvollst\u00e4ndiger Informationen verursacht wurden, sind grunds\u00e4tzlich ausgeschlossen, sofern seitens des Autors kein nachweislich vors\u00e4tzliches oder grob fahrl\u00e4ssiges Verschulden vorliegt. Alle Angebote sind freibleibend und unverbindlich. Der Autor beh\u00e4lt es sich ausdr\u00fccklich vor, Teile der Seiten oder das gesamte Angebot ohne gesonderte Ank\u00fcndigung zu ver\u00e4ndern, zu erg\u00e4nzen, zu l\u00f6schen oder die Ver\u00f6ffentlichung zeitweise oder endg\u00fcltig einzustellen.<\/p>\n\n\n\n<h2 class=\"wp-block-heading\" id=\"h-references-and-links\">Referenzen und Links:<\/h2>\n\n\n\n<p>Der Autor ist nicht verantwortlich f\u00fcr die Inhalte der Seiten, auf die von seinen Seiten aus verwiesen wird \u2013 es sei denn, er hat vollst\u00e4ndige Kenntnis von illegalen Inhalten und w\u00e4re in der Lage, die Besucher seiner Website daran zu hindern, diese Seiten aufzurufen. Der Autor erkl\u00e4rt hiermit ausdr\u00fccklich, dass zum Zeitpunkt der Linksetzung keine illegalen Inhalte auf den verlinkten Seiten erkennbar waren. Der Autor hat keinerlei Einfluss auf die aktuelle und zuk\u00fcnftige Gestaltung, die Inhalte oder die Urheberschaft der verlinkten Seiten. Der Autor distanziert sich daher ausdr\u00fccklich von allen Inhalten aller verlinkten Seiten, die nach der Linksetzung ver\u00e4ndert wurden. Diese Feststellung gilt f\u00fcr alle innerhalb des eigenen Internetangebotes gesetzten Links und Verweise sowie f\u00fcr Fremdeintr\u00e4ge in vom Autor eingerichteten G\u00e4steb\u00fcchern, Diskussionsforen, Linkverzeichnissen, Mailinglisten und in allen anderen Formen von Datenbanken, auf deren Inhalt externe Schreibzugriffe m\u00f6glich sind. F\u00fcr illegale, fehlerhafte oder unvollst\u00e4ndige Inhalte und insbesondere f\u00fcr Sch\u00e4den, die aus der Nutzung oder Nichtnutzung solcherart dargebotener Informationen entstehen, haftet allein der Anbieter der Seite, auf welche verwiesen wurde, nicht derjenige, der \u00fcber Links auf die jeweilige Ver\u00f6ffentlichung lediglich verweist.<\/p>\n\n\n\n<h2 class=\"wp-block-heading\" id=\"h-data-protection-privacy\">Datenschutz und Privatsph\u00e4re:<\/h2>\n\n\n\n<p>Sofern innerhalb des Internetangebotes die M\u00f6glichkeit zur Eingabe pers\u00f6nlicher oder gesch\u00e4ftlicher Daten (E-Mail-Adressen, Namen, Anschriften) besteht, so erfolgt die Preisgabe dieser Daten seitens des Nutzers auf ausdr\u00fccklich freiwilliger Basis. Die Inanspruchnahme und Bezahlung aller angebotenen Dienste ist \u2013 soweit technisch m\u00f6glich und zumutbar \u2013 auch ohne Angabe solcher Daten bzw. unter Angabe anonymisierter Daten oder eines Pseudonyms gestattet. Die Nutzung der im Rahmen des Impressums oder vergleichbarer Angaben ver\u00f6ffentlichten Kontaktdaten wie Postanschriften, Telefon- und Faxnummern sowie E-Mail-Adressen durch Dritte zur \u00dcbersendung von nicht ausdr\u00fccklich angeforderten Informationen ist nicht gestattet. Wir behalten uns ausdr\u00fccklich rechtliche Schritte gegen die Versender von sogenannten Spam-Mails vor, die gegen dieses Verbot versto\u00dfen.<\/p>\n\n\n\n<h2 class=\"wp-block-heading\" id=\"h-legal-validity-of-this-exclusion-of-liability\">Rechtswirksamkeit dieses Haftungsausschlusses:<\/h2>\n\n\n\n<p>Dieser Haftungsausschluss ist als Teil des Internetangebotes zu betrachten, von dem aus auf diese Seite verwiesen wurde. Sofern Teile oder einzelne Formulierungen dieses Textes der geltenden Rechtslage nicht, nicht mehr oder nicht vollst\u00e4ndig entsprechen sollten, bleiben die \u00fcbrigen Teile des Dokumentes in ihrem Inhalt und ihrer G\u00fcltigkeit davon unber\u00fchrt.<\/p>\n","protected":false},"excerpt":{"rendered":"<p>Verantwortlich f\u00fcr den Inhalt dieser Seiten: Sedenius Engineering GmbH i.L.B\u00fcroadresse: Bitterfelderstra\u00dfe 7-9D &#8211; 04129 Leipzig Firmensitz:Goldammerweg 104159 Leipzig Liquidator: Andreas Amann Dipl.-Inf.(FH) Tel.: +49(0) 341 602478 &#8211; 90E-Mail: info [@] sedenius.com Registergericht: Amtsgericht LeipzigRegisternumber: HRB 29953 Ust-IdNr.: DE284267948D-U-N-S: 342650854 Verantwortlich f\u00fcr Design und Programmierung: Sedenius Engineering GmbH i.L.Goldammerweg 104159 Leipzig Copyright: Das Layout der Homepage, [&hellip;]<\/p>\n","protected":false},"author":1,"featured_media":0,"parent":0,"menu_order":0,"comment_status":"closed","ping_status":"closed","template":"","meta":{"saved_in_kubio":true,"footnotes":""},"class_list":["post-9","page","type-page","status-publish","hentry"],"kubio_ai_page_context":{"short_desc":"","purpose":"general"},"yoast_head":"<!-- This site is optimized with the Yoast SEO plugin v27.4 - https:\/\/yoast.com\/product\/yoast-seo-wordpress\/ -->\n<title>Imprint - Digitalisierung &amp; Datenanalyse f\u00fcr die Industrie | Sedenius Engineering<\/title>\n<meta name=\"description\" content=\"Sedenius Engineering GmbH: Ihr Partner f\u00fcr intelligente Systemintegration und datengetriebene L\u00f6sungen in Mobilit\u00e4t und Logistik in Leipzig.\" \/>\n<meta name=\"robots\" content=\"index, follow, max-snippet:-1, max-image-preview:large, max-video-preview:-1\" \/>\n<link rel=\"canonical\" href=\"https:\/\/sedenius.com\/index.php\/imprint\/\" \/>\n<meta property=\"og:locale\" content=\"de_DE\" \/>\n<meta property=\"og:type\" content=\"article\" \/>\n<meta property=\"og:title\" content=\"Imprint - Digitalisierung &amp; Datenanalyse f\u00fcr die Industrie | Sedenius Engineering\" \/>\n<meta property=\"og:description\" content=\"Sedenius Engineering GmbH: Ihr Partner f\u00fcr intelligente Systemintegration und datengetriebene L\u00f6sungen in Mobilit\u00e4t und Logistik in Leipzig.\" \/>\n<meta property=\"og:url\" content=\"https:\/\/sedenius.com\/index.php\/imprint\/\" \/>\n<meta property=\"og:site_name\" content=\"Digitalisierung &amp; Datenanalyse f\u00fcr die Industrie | Sedenius Engineering\" \/>\n<meta property=\"article:publisher\" content=\"https:\/\/www.facebook.com\/profile.php?id=100066297743620\" \/>\n<meta property=\"article:modified_time\" content=\"2026-01-20T14:22:15+00:00\" \/>\n<meta name=\"twitter:card\" content=\"summary_large_image\" \/>\n<script type=\"application\/ld+json\" class=\"yoast-schema-graph\">{\"@context\":\"https:\\\/\\\/schema.org\",\"@graph\":[{\"@type\":\"WebPage\",\"@id\":\"https:\\\/\\\/sedenius.com\\\/index.php\\\/imprint\\\/\",\"url\":\"https:\\\/\\\/sedenius.com\\\/index.php\\\/imprint\\\/\",\"name\":\"Imprint - Digitalisierung &amp; Datenanalyse f\u00fcr die Industrie | Sedenius Engineering\",\"isPartOf\":{\"@id\":\"https:\\\/\\\/sedenius.com\\\/#website\"},\"datePublished\":\"2025-01-21T12:14:04+00:00\",\"dateModified\":\"2026-01-20T14:22:15+00:00\",\"description\":\"Sedenius Engineering GmbH: Ihr Partner f\u00fcr intelligente Systemintegration und datengetriebene L\u00f6sungen in Mobilit\u00e4t und Logistik in Leipzig.\",\"breadcrumb\":{\"@id\":\"https:\\\/\\\/sedenius.com\\\/index.php\\\/imprint\\\/#breadcrumb\"},\"inLanguage\":\"de\",\"potentialAction\":[{\"@type\":\"ReadAction\",\"target\":[\"https:\\\/\\\/sedenius.com\\\/index.php\\\/imprint\\\/\"]}]},{\"@type\":\"BreadcrumbList\",\"@id\":\"https:\\\/\\\/sedenius.com\\\/index.php\\\/imprint\\\/#breadcrumb\",\"itemListElement\":[{\"@type\":\"ListItem\",\"position\":1,\"name\":\"Home\",\"item\":\"https:\\\/\\\/sedenius.com\\\/\"},{\"@type\":\"ListItem\",\"position\":2,\"name\":\"Imprint\"}]},{\"@type\":\"WebSite\",\"@id\":\"https:\\\/\\\/sedenius.com\\\/#website\",\"url\":\"https:\\\/\\\/sedenius.com\\\/\",\"name\":\"Sedenius Engineering GmbH\",\"description\":\"\",\"publisher\":{\"@id\":\"https:\\\/\\\/sedenius.com\\\/#organization\"},\"potentialAction\":[{\"@type\":\"SearchAction\",\"target\":{\"@type\":\"EntryPoint\",\"urlTemplate\":\"https:\\\/\\\/sedenius.com\\\/?s={search_term_string}\"},\"query-input\":{\"@type\":\"PropertyValueSpecification\",\"valueRequired\":true,\"valueName\":\"search_term_string\"}}],\"inLanguage\":\"de\"},{\"@type\":\"Organization\",\"@id\":\"https:\\\/\\\/sedenius.com\\\/#organization\",\"name\":\"Sedenius Engineering GmbH\",\"url\":\"https:\\\/\\\/sedenius.com\\\/\",\"logo\":{\"@type\":\"ImageObject\",\"inLanguage\":\"de\",\"@id\":\"https:\\\/\\\/sedenius.com\\\/#\\\/schema\\\/logo\\\/image\\\/\",\"url\":\"https:\\\/\\\/sedenius.com\\\/wp-content\\\/uploads\\\/2025\\\/01\\\/Sednius_Black_Bg@4x.png\",\"contentUrl\":\"https:\\\/\\\/sedenius.com\\\/wp-content\\\/uploads\\\/2025\\\/01\\\/Sednius_Black_Bg@4x.png\",\"width\":1201,\"height\":280,\"caption\":\"Sedenius Engineering GmbH\"},\"image\":{\"@id\":\"https:\\\/\\\/sedenius.com\\\/#\\\/schema\\\/logo\\\/image\\\/\"},\"sameAs\":[\"https:\\\/\\\/www.facebook.com\\\/profile.php?id=100066297743620\",\"https:\\\/\\\/www.linkedin.com\\\/company\\\/sedenius-engineering-gmbh\"]}]}<\/script>\n<!-- \/ Yoast SEO plugin. -->","yoast_head_json":{"title":"Imprint - Digitalisierung &amp; Datenanalyse f\u00fcr die Industrie | Sedenius Engineering","description":"Sedenius Engineering GmbH: Ihr Partner f\u00fcr intelligente Systemintegration und datengetriebene L\u00f6sungen in Mobilit\u00e4t und Logistik in Leipzig.","robots":{"index":"index","follow":"follow","max-snippet":"max-snippet:-1","max-image-preview":"max-image-preview:large","max-video-preview":"max-video-preview:-1"},"canonical":"https:\/\/sedenius.com\/index.php\/imprint\/","og_locale":"de_DE","og_type":"article","og_title":"Imprint - Digitalisierung &amp; Datenanalyse f\u00fcr die Industrie | Sedenius Engineering","og_description":"Sedenius Engineering GmbH: Ihr Partner f\u00fcr intelligente Systemintegration und datengetriebene L\u00f6sungen in Mobilit\u00e4t und Logistik in Leipzig.","og_url":"https:\/\/sedenius.com\/index.php\/imprint\/","og_site_name":"Digitalisierung &amp; Datenanalyse f\u00fcr die Industrie | Sedenius Engineering","article_publisher":"https:\/\/www.facebook.com\/profile.php?id=100066297743620","article_modified_time":"2026-01-20T14:22:15+00:00","twitter_card":"summary_large_image","schema":{"@context":"https:\/\/schema.org","@graph":[{"@type":"WebPage","@id":"https:\/\/sedenius.com\/index.php\/imprint\/","url":"https:\/\/sedenius.com\/index.php\/imprint\/","name":"Imprint - Digitalisierung &amp; Datenanalyse f\u00fcr die Industrie | Sedenius Engineering","isPartOf":{"@id":"https:\/\/sedenius.com\/#website"},"datePublished":"2025-01-21T12:14:04+00:00","dateModified":"2026-01-20T14:22:15+00:00","description":"Sedenius Engineering GmbH: Ihr Partner f\u00fcr intelligente Systemintegration und datengetriebene L\u00f6sungen in Mobilit\u00e4t und Logistik in Leipzig.","breadcrumb":{"@id":"https:\/\/sedenius.com\/index.php\/imprint\/#breadcrumb"},"inLanguage":"de","potentialAction":[{"@type":"ReadAction","target":["https:\/\/sedenius.com\/index.php\/imprint\/"]}]},{"@type":"BreadcrumbList","@id":"https:\/\/sedenius.com\/index.php\/imprint\/#breadcrumb","itemListElement":[{"@type":"ListItem","position":1,"name":"Home","item":"https:\/\/sedenius.com\/"},{"@type":"ListItem","position":2,"name":"Imprint"}]},{"@type":"WebSite","@id":"https:\/\/sedenius.com\/#website","url":"https:\/\/sedenius.com\/","name":"Sedenius Engineering GmbH","description":"","publisher":{"@id":"https:\/\/sedenius.com\/#organization"},"potentialAction":[{"@type":"SearchAction","target":{"@type":"EntryPoint","urlTemplate":"https:\/\/sedenius.com\/?s={search_term_string}"},"query-input":{"@type":"PropertyValueSpecification","valueRequired":true,"valueName":"search_term_string"}}],"inLanguage":"de"},{"@type":"Organization","@id":"https:\/\/sedenius.com\/#organization","name":"Sedenius Engineering GmbH","url":"https:\/\/sedenius.com\/","logo":{"@type":"ImageObject","inLanguage":"de","@id":"https:\/\/sedenius.com\/#\/schema\/logo\/image\/","url":"https:\/\/sedenius.com\/wp-content\/uploads\/2025\/01\/Sednius_Black_Bg@4x.png","contentUrl":"https:\/\/sedenius.com\/wp-content\/uploads\/2025\/01\/Sednius_Black_Bg@4x.png","width":1201,"height":280,"caption":"Sedenius Engineering GmbH"},"image":{"@id":"https:\/\/sedenius.com\/#\/schema\/logo\/image\/"},"sameAs":["https:\/\/www.facebook.com\/profile.php?id=100066297743620","https:\/\/www.linkedin.com\/company\/sedenius-engineering-gmbh"]}]}},"_links":{"self":[{"href":"https:\/\/sedenius.com\/index.php\/wp-json\/wp\/v2\/pages\/9","targetHints":{"allow":["GET"]}}],"collection":[{"href":"https:\/\/sedenius.com\/index.php\/wp-json\/wp\/v2\/pages"}],"about":[{"href":"https:\/\/sedenius.com\/index.php\/wp-json\/wp\/v2\/types\/page"}],"author":[{"embeddable":true,"href":"https:\/\/sedenius.com\/index.php\/wp-json\/wp\/v2\/users\/1"}],"replies":[{"embeddable":true,"href":"https:\/\/sedenius.com\/index.php\/wp-json\/wp\/v2\/comments?post=9"}],"version-history":[{"count":3,"href":"https:\/\/sedenius.com\/index.php\/wp-json\/wp\/v2\/pages\/9\/revisions"}],"predecessor-version":[{"id":595,"href":"https:\/\/sedenius.com\/index.php\/wp-json\/wp\/v2\/pages\/9\/revisions\/595"}],"wp:attachment":[{"href":"https:\/\/sedenius.com\/index.php\/wp-json\/wp\/v2\/media?parent=9"}],"curies":[{"name":"wp","href":"https:\/\/api.w.org\/{rel}","templated":true}]}}